{"id":3620,"date":"2026-02-22T13:03:27","date_gmt":"2026-02-22T12:03:27","guid":{"rendered":"https:\/\/futsalpanthers.koeln\/?page_id=3620"},"modified":"2026-02-22T13:09:43","modified_gmt":"2026-02-22T12:09:43","slug":"gaffel-koelsch-2","status":"publish","type":"page","link":"https:\/\/futsalpanthers.koeln\/?page_id=3620","title":{"rendered":"ALC Sports"},"content":{"rendered":"\t\t<div data-elementor-type=\"wp-page\" data-elementor-id=\"3620\" class=\"elementor elementor-3620\">\n\t\t\t\t\t\t<section class=\"elementor-section elementor-top-section elementor-element elementor-element-6121867 elementor-section-height-min-height elementor-section-boxed elementor-section-height-default elementor-section-items-middle\" data-id=\"6121867\" data-element_type=\"section\" data-settings=\"{&quot;background_background&quot;:&quot;classic&quot;,&quot;shape_divider_bottom&quot;:&quot;opacity-tilt&quot;}\">\n\t\t\t\t\t\t\t<div class=\"elementor-background-overlay\"><\/div>\n\t\t\t\t\t\t<div class=\"elementor-shape elementor-shape-bottom\" aria-hidden=\"true\" data-negative=\"false\">\n\t\t\t<svg xmlns=\"http:\/\/www.w3.org\/2000\/svg\" viewBox=\"0 0 2600 131.1\" preserveAspectRatio=\"none\">\n\t<path class=\"elementor-shape-fill\" d=\"M0 0L2600 0 2600 69.1 0 0z\"\/>\n\t<path class=\"elementor-shape-fill\" style=\"opacity:0.5\" d=\"M0 0L2600 0 2600 69.1 0 69.1z\"\/>\n\t<path class=\"elementor-shape-fill\" style=\"opacity:0.25\" d=\"M2600 0L0 0 0 130.1 2600 69.1z\"\/>\n<\/svg>\t\t<\/div>\n\t\t\t\t\t<div class=\"elementor-container elementor-column-gap-default\">\n\t\t\t\t\t<div class=\"elementor-column elementor-col-100 elementor-top-column elementor-element elementor-element-4e84025\" data-id=\"4e84025\" data-element_type=\"column\">\n\t\t\t<div class=\"elementor-widget-wrap elementor-element-populated\">\n\t\t\t\t\t\t<div class=\"elementor-element elementor-element-71c5b52 elementor-widget elementor-widget-heading\" data-id=\"71c5b52\" data-element_type=\"widget\" data-widget_type=\"heading.default\">\n\t\t\t\t<div class=\"elementor-widget-container\">\n\t\t\t\t\t<h1 class=\"elementor-heading-title elementor-size-xxl\">ALC Sports<\/h1>\t\t\t\t<\/div>\n\t\t\t\t<\/div>\n\t\t\t\t<div class=\"elementor-element elementor-element-457aa30 elementor-hidden-phone elementor-widget elementor-widget-text-editor\" data-id=\"457aa30\" data-element_type=\"widget\" data-widget_type=\"text-editor.default\">\n\t\t\t\t<div class=\"elementor-widget-container\">\n\t\t\t\t\t\t\t\t\t<h4>Unsere neueste Performance-Partnerschaft!\u00a0<\/h4>\t\t\t\t\t\t\t\t<\/div>\n\t\t\t\t<\/div>\n\t\t\t\t\t<\/div>\n\t\t<\/div>\n\t\t\t\t\t<\/div>\n\t\t<\/section>\n\t\t\t\t<section class=\"elementor-section elementor-top-section elementor-element elementor-element-4194caad elementor-section-content-middle elementor-reverse-mobile elementor-section-boxed elementor-section-height-default elementor-section-height-default\" data-id=\"4194caad\" data-element_type=\"section\" data-settings=\"{&quot;background_background&quot;:&quot;classic&quot;}\">\n\t\t\t\t\t\t<div class=\"elementor-container elementor-column-gap-no\">\n\t\t\t\t\t<div class=\"elementor-column elementor-col-50 elementor-top-column elementor-element elementor-element-4925e82\" data-id=\"4925e82\" data-element_type=\"column\">\n\t\t\t<div class=\"elementor-widget-wrap elementor-element-populated\">\n\t\t\t\t\t\t<div class=\"elementor-element elementor-element-1e34f031 elementor-widget elementor-widget-heading\" data-id=\"1e34f031\" data-element_type=\"widget\" data-widget_type=\"heading.default\">\n\t\t\t\t<div class=\"elementor-widget-container\">\n\t\t\t\t\t<h3 class=\"elementor-heading-title elementor-size-default\">ALC Sports<\/h3>\t\t\t\t<\/div>\n\t\t\t\t<\/div>\n\t\t\t\t<div class=\"elementor-element elementor-element-4db3897b elementor-widget elementor-widget-text-editor\" data-id=\"4db3897b\" data-element_type=\"widget\" data-widget_type=\"text-editor.default\">\n\t\t\t\t<div class=\"elementor-widget-container\">\n\t\t\t\t\t\t\t\t\t<p>Own every day! Im Physiolab und der Sports Base in K\u00f6ln und Bonn werden unsere Sportlerinnen und Sportler fortan bestens betreut. Von Diagnostik \u00fcber Rehama\u00dfnahmen bis zur maximalen Leistungsverbesserung ist ALC Sports unser neuer Performance-Partner auf Top-Level!<\/p><p>Seit der R\u00fcckrunde 2025\/2026 hei\u00dft es f\u00fcr unseren Verein also: Perform. Recover. Repeat.\u00a0\u2013 in der Manufaktur aus Sportphysiotherapie, Sportwissenschaft und Elite Equipment. Let&#8217;s go!\u00a0<\/p>\t\t\t\t\t\t\t\t<\/div>\n\t\t\t\t<\/div>\n\t\t\t\t\t<\/div>\n\t\t<\/div>\n\t\t\t\t<div class=\"elementor-column elementor-col-50 elementor-top-column elementor-element elementor-element-2044e392\" data-id=\"2044e392\" data-element_type=\"column\">\n\t\t\t<div class=\"elementor-widget-wrap elementor-element-populated\">\n\t\t\t\t\t\t<div class=\"elementor-element elementor-element-f14d8de elementor-widget elementor-widget-image\" data-id=\"f14d8de\" data-element_type=\"widget\" data-widget_type=\"image.default\">\n\t\t\t\t<div class=\"elementor-widget-container\">\n\t\t\t\t\t\t\t\t\t\t\t\t\t\t\t\t<a href=\"https:\/\/www.alc-sports.de\/\" target=\"_blank\">\n\t\t\t\t\t\t\t<img fetchpriority=\"high\" decoding=\"async\" width=\"768\" height=\"323\" src=\"https:\/\/futsalpanthers.koeln\/wp-content\/uploads\/2026\/02\/alc_logo_standard_schwarz.pdf-768x323.png\" class=\"attachment-medium_large size-medium_large wp-image-3626\" alt=\"\" srcset=\"https:\/\/futsalpanthers.koeln\/wp-content\/uploads\/2026\/02\/alc_logo_standard_schwarz.pdf-768x323.png 768w, https:\/\/futsalpanthers.koeln\/wp-content\/uploads\/2026\/02\/alc_logo_standard_schwarz.pdf-300x126.png 300w, https:\/\/futsalpanthers.koeln\/wp-content\/uploads\/2026\/02\/alc_logo_standard_schwarz.pdf-1024x430.png 1024w, https:\/\/futsalpanthers.koeln\/wp-content\/uploads\/2026\/02\/alc_logo_standard_schwarz.pdf-1536x645.png 1536w, https:\/\/futsalpanthers.koeln\/wp-content\/uploads\/2026\/02\/alc_logo_standard_schwarz.pdf.png 2000w\" sizes=\"(max-width: 768px) 100vw, 768px\" \/>\t\t\t\t\t\t\t\t<\/a>\n\t\t\t\t\t\t\t\t\t\t\t\t\t\t\t<\/div>\n\t\t\t\t<\/div>\n\t\t\t\t\t<\/div>\n\t\t<\/div>\n\t\t\t\t\t<\/div>\n\t\t<\/section>\n\t\t\t\t<\/div>\n\t\t","protected":false},"excerpt":{"rendered":"<p>ALC Sports Unsere neueste Performance-Partnerschaft!\u00a0 ALC Sports Own every day! Im Physiolab und der Sports Base in K\u00f6ln und Bonn werden unsere Sportlerinnen und Sportler fortan bestens betreut. Von Diagnostik \u00fcber Rehama\u00dfnahmen bis zur maximalen Leistungsverbesserung ist ALC Sports unser neuer Performance-Partner auf Top-Level! Seit der R\u00fcckrunde 2025\/2026 hei\u00dft es f\u00fcr unseren Verein also: Perform.&hellip;&nbsp;<a href=\"https:\/\/futsalpanthers.koeln\/?page_id=3620\" rel=\"bookmark\">Weiterlesen &raquo;<span class=\"screen-reader-text\">ALC Sports<\/span><\/a><\/p>\n","protected":false},"author":1,"featured_media":3364,"parent":0,"menu_order":0,"comment_status":"closed","ping_status":"closed","template":"page-templates\/template-pagebuilder-full-width.php","meta":{"_eb_attr":"","neve_meta_sidebar":"full-width","neve_meta_container":"","neve_meta_enable_content_width":"on","neve_meta_content_width":100,"neve_meta_title_alignment":"","neve_meta_author_avatar":"","neve_post_elements_order":"","neve_meta_disable_header":"","neve_meta_disable_footer":"","neve_meta_disable_title":"on","footnotes":""},"class_list":["post-3620","page","type-page","status-publish","has-post-thumbnail","hentry"],"_links":{"self":[{"href":"https:\/\/futsalpanthers.koeln\/index.php?rest_route=\/wp\/v2\/pages\/3620","targetHints":{"allow":["GET"]}}],"collection":[{"href":"https:\/\/futsalpanthers.koeln\/index.php?rest_route=\/wp\/v2\/pages"}],"about":[{"href":"https:\/\/futsalpanthers.koeln\/index.php?rest_route=\/wp\/v2\/types\/page"}],"author":[{"embeddable":true,"href":"https:\/\/futsalpanthers.koeln\/index.php?rest_route=\/wp\/v2\/users\/1"}],"replies":[{"embeddable":true,"href":"https:\/\/futsalpanthers.koeln\/index.php?rest_route=%2Fwp%2Fv2%2Fcomments&post=3620"}],"version-history":[{"count":7,"href":"https:\/\/futsalpanthers.koeln\/index.php?rest_route=\/wp\/v2\/pages\/3620\/revisions"}],"predecessor-version":[{"id":3630,"href":"https:\/\/futsalpanthers.koeln\/index.php?rest_route=\/wp\/v2\/pages\/3620\/revisions\/3630"}],"wp:featuredmedia":[{"embeddable":true,"href":"https:\/\/futsalpanthers.koeln\/index.php?rest_route=\/wp\/v2\/media\/3364"}],"wp:attachment":[{"href":"https:\/\/futsalpanthers.koeln\/index.php?rest_route=%2Fwp%2Fv2%2Fmedia&parent=3620"}],"curies":[{"name":"wp","href":"https:\/\/api.w.org\/{rel}","templated":true}]}}