{"id":3359,"date":"2025-08-23T12:21:51","date_gmt":"2025-08-23T11:21:51","guid":{"rendered":"https:\/\/futsalpanthers.koeln\/?page_id=3359"},"modified":"2025-08-23T12:32:03","modified_gmt":"2025-08-23T11:32:03","slug":"stanno","status":"publish","type":"page","link":"https:\/\/futsalpanthers.koeln\/?page_id=3359","title":{"rendered":"Stanno"},"content":{"rendered":"\t\t<div data-elementor-type=\"wp-page\" data-elementor-id=\"3359\" class=\"elementor elementor-3359\">\n\t\t\t\t\t\t<section class=\"elementor-section elementor-top-section elementor-element elementor-element-6121867 elementor-section-height-min-height elementor-section-boxed elementor-section-height-default elementor-section-items-middle\" data-id=\"6121867\" data-element_type=\"section\" data-settings=\"{&quot;background_background&quot;:&quot;classic&quot;,&quot;shape_divider_bottom&quot;:&quot;opacity-tilt&quot;}\">\n\t\t\t\t\t\t\t<div class=\"elementor-background-overlay\"><\/div>\n\t\t\t\t\t\t<div class=\"elementor-shape elementor-shape-bottom\" aria-hidden=\"true\" data-negative=\"false\">\n\t\t\t<svg xmlns=\"http:\/\/www.w3.org\/2000\/svg\" viewBox=\"0 0 2600 131.1\" preserveAspectRatio=\"none\">\n\t<path class=\"elementor-shape-fill\" d=\"M0 0L2600 0 2600 69.1 0 0z\"\/>\n\t<path class=\"elementor-shape-fill\" style=\"opacity:0.5\" d=\"M0 0L2600 0 2600 69.1 0 69.1z\"\/>\n\t<path class=\"elementor-shape-fill\" style=\"opacity:0.25\" d=\"M2600 0L0 0 0 130.1 2600 69.1z\"\/>\n<\/svg>\t\t<\/div>\n\t\t\t\t\t<div class=\"elementor-container elementor-column-gap-default\">\n\t\t\t\t\t<div class=\"elementor-column elementor-col-100 elementor-top-column elementor-element elementor-element-4e84025\" data-id=\"4e84025\" data-element_type=\"column\">\n\t\t\t<div class=\"elementor-widget-wrap elementor-element-populated\">\n\t\t\t\t\t\t<div class=\"elementor-element elementor-element-71c5b52 elementor-widget elementor-widget-heading\" data-id=\"71c5b52\" data-element_type=\"widget\" data-widget_type=\"heading.default\">\n\t\t\t\t<div class=\"elementor-widget-container\">\n\t\t\t\t\t<h1 class=\"elementor-heading-title elementor-size-xxl\">STANNO<\/h1>\t\t\t\t<\/div>\n\t\t\t\t<\/div>\n\t\t\t\t<div class=\"elementor-element elementor-element-457aa30 elementor-hidden-phone elementor-widget elementor-widget-text-editor\" data-id=\"457aa30\" data-element_type=\"widget\" data-widget_type=\"text-editor.default\">\n\t\t\t\t<div class=\"elementor-widget-container\">\n\t\t\t\t\t\t\t\t\t<h4>Die internationale Allround Sportmarke aus den Niederlanden!<\/h4>\t\t\t\t\t\t\t\t<\/div>\n\t\t\t\t<\/div>\n\t\t\t\t\t<\/div>\n\t\t<\/div>\n\t\t\t\t\t<\/div>\n\t\t<\/section>\n\t\t\t\t<section class=\"elementor-section elementor-top-section elementor-element elementor-element-4194caad elementor-section-content-middle elementor-reverse-mobile elementor-section-boxed elementor-section-height-default elementor-section-height-default\" data-id=\"4194caad\" data-element_type=\"section\" data-settings=\"{&quot;background_background&quot;:&quot;classic&quot;}\">\n\t\t\t\t\t\t<div class=\"elementor-container elementor-column-gap-no\">\n\t\t\t\t\t<div class=\"elementor-column elementor-col-50 elementor-top-column elementor-element elementor-element-4925e82\" data-id=\"4925e82\" data-element_type=\"column\">\n\t\t\t<div class=\"elementor-widget-wrap elementor-element-populated\">\n\t\t\t\t\t\t<div class=\"elementor-element elementor-element-1e34f031 elementor-widget elementor-widget-heading\" data-id=\"1e34f031\" data-element_type=\"widget\" data-widget_type=\"heading.default\">\n\t\t\t\t<div class=\"elementor-widget-container\">\n\t\t\t\t\t<h3 class=\"elementor-heading-title elementor-size-default\">STANNO Deutschland<\/h3>\t\t\t\t<\/div>\n\t\t\t\t<\/div>\n\t\t\t\t<div class=\"elementor-element elementor-element-4db3897b elementor-widget elementor-widget-text-editor\" data-id=\"4db3897b\" data-element_type=\"widget\" data-widget_type=\"text-editor.default\">\n\t\t\t\t<div class=\"elementor-widget-container\">\n\t\t\t\t\t\t\t\t\t<p>In K\u00f6ln beheimatet betritt die aus den Niederlanden stammende Marke seit mehreren Jahren auch den deutschen Markt. Dabei steht STANNO f\u00fcr hohe Qualit\u00e4t und eine professionelle Betreuung der Partnervereine. Als offizieller Ausr\u00fcster der Futsal Panthers K\u00f6ln steht uns damit seit 2021 ein starker Partner zur Seite. STANNO und die Panthers? Ein Match Made in Heaven!<\/p>\t\t\t\t\t\t\t\t<\/div>\n\t\t\t\t<\/div>\n\t\t\t\t\t<\/div>\n\t\t<\/div>\n\t\t\t\t<div class=\"elementor-column elementor-col-50 elementor-top-column elementor-element elementor-element-2044e392\" data-id=\"2044e392\" data-element_type=\"column\">\n\t\t\t<div class=\"elementor-widget-wrap elementor-element-populated\">\n\t\t\t\t\t\t<div class=\"elementor-element elementor-element-f14d8de elementor-widget elementor-widget-image\" data-id=\"f14d8de\" data-element_type=\"widget\" data-widget_type=\"image.default\">\n\t\t\t\t<div class=\"elementor-widget-container\">\n\t\t\t\t\t\t\t\t\t\t\t\t\t\t\t\t<a href=\"https:\/\/www.webbtraders.com\/\" target=\"_blank\">\n\t\t\t\t\t\t\t<img fetchpriority=\"high\" decoding=\"async\" width=\"721\" height=\"199\" src=\"https:\/\/futsalpanthers.koeln\/wp-content\/uploads\/2025\/08\/Stanno-logo-horizontal-basic-RGB-1.png\" class=\"attachment-medium_large size-medium_large wp-image-3279\" alt=\"\" srcset=\"https:\/\/futsalpanthers.koeln\/wp-content\/uploads\/2025\/08\/Stanno-logo-horizontal-basic-RGB-1.png 721w, https:\/\/futsalpanthers.koeln\/wp-content\/uploads\/2025\/08\/Stanno-logo-horizontal-basic-RGB-1-300x83.png 300w\" sizes=\"(max-width: 721px) 100vw, 721px\" \/>\t\t\t\t\t\t\t\t<\/a>\n\t\t\t\t\t\t\t\t\t\t\t\t\t\t\t<\/div>\n\t\t\t\t<\/div>\n\t\t\t\t\t<\/div>\n\t\t<\/div>\n\t\t\t\t\t<\/div>\n\t\t<\/section>\n\t\t\t\t<\/div>\n\t\t","protected":false},"excerpt":{"rendered":"<p>STANNO Die internationale Allround Sportmarke aus den Niederlanden! STANNO Deutschland In K\u00f6ln beheimatet betritt die aus den Niederlanden stammende Marke seit mehreren Jahren auch den deutschen Markt. Dabei steht STANNO f\u00fcr hohe Qualit\u00e4t und eine professionelle Betreuung der Partnervereine. Als offizieller Ausr\u00fcster der Futsal Panthers K\u00f6ln steht uns damit seit 2021 ein starker Partner zur&hellip;&nbsp;<a href=\"https:\/\/futsalpanthers.koeln\/?page_id=3359\" rel=\"bookmark\">Weiterlesen &raquo;<span class=\"screen-reader-text\">Stanno<\/span><\/a><\/p>\n","protected":false},"author":1,"featured_media":0,"parent":0,"menu_order":0,"comment_status":"closed","ping_status":"closed","template":"page-templates\/template-pagebuilder-full-width.php","meta":{"_eb_attr":"","neve_meta_sidebar":"full-width","neve_meta_container":"","neve_meta_enable_content_width":"on","neve_meta_content_width":100,"neve_meta_title_alignment":"","neve_meta_author_avatar":"","neve_post_elements_order":"","neve_meta_disable_header":"","neve_meta_disable_footer":"","neve_meta_disable_title":"on","footnotes":""},"class_list":["post-3359","page","type-page","status-publish","hentry"],"_links":{"self":[{"href":"https:\/\/futsalpanthers.koeln\/index.php?rest_route=\/wp\/v2\/pages\/3359","targetHints":{"allow":["GET"]}}],"collection":[{"href":"https:\/\/futsalpanthers.koeln\/index.php?rest_route=\/wp\/v2\/pages"}],"about":[{"href":"https:\/\/futsalpanthers.koeln\/index.php?rest_route=\/wp\/v2\/types\/page"}],"author":[{"embeddable":true,"href":"https:\/\/futsalpanthers.koeln\/index.php?rest_route=\/wp\/v2\/users\/1"}],"replies":[{"embeddable":true,"href":"https:\/\/futsalpanthers.koeln\/index.php?rest_route=%2Fwp%2Fv2%2Fcomments&post=3359"}],"version-history":[{"count":7,"href":"https:\/\/futsalpanthers.koeln\/index.php?rest_route=\/wp\/v2\/pages\/3359\/revisions"}],"predecessor-version":[{"id":3378,"href":"https:\/\/futsalpanthers.koeln\/index.php?rest_route=\/wp\/v2\/pages\/3359\/revisions\/3378"}],"wp:attachment":[{"href":"https:\/\/futsalpanthers.koeln\/index.php?rest_route=%2Fwp%2Fv2%2Fmedia&parent=3359"}],"curies":[{"name":"wp","href":"https:\/\/api.w.org\/{rel}","templated":true}]}}