{"id":215,"date":"2020-12-20T16:39:16","date_gmt":"2020-12-20T16:39:16","guid":{"rendered":"https:\/\/futsalpanthers.koeln\/?page_id=215"},"modified":"2025-08-02T18:10:15","modified_gmt":"2025-08-02T17:10:15","slug":"kontakt","status":"publish","type":"page","link":"https:\/\/futsalpanthers.koeln\/?page_id=215","title":{"rendered":"Kontakt"},"content":{"rendered":"<h1>Kontakt<\/h1>\n<h4>Du hast eine Frage, eine Anregung oder ein anderes Anliegen. <br \/>Dann z\u00f6gere nicht, uns eine Nachricht zu schreiben<\/h4>\n<p>\t\t\t<iframe frameborder=\"0\" scrolling=\"no\" marginheight=\"0\" marginwidth=\"0\"\n\t\t\t\t\tsrc=\"https:\/\/maps.google.com\/maps?q=Everhardstra%C3%9Fe%2060%2050823%20K%C3%B6ln&#038;t=m&#038;z=18&#038;output=embed&#038;iwloc=near\"\n\t\t\t\t\ttitle=\"Everhardstra\u00dfe 60 50823 K\u00f6ln\"\n\t\t\t\t\taria-label=\"Everhardstra\u00dfe 60 50823 K\u00f6ln\"\n\t\t\t><\/iframe><br \/>\n\t\t\tAnschrift\t\t<\/p>\n<p>Futsal Panthers K\u00f6ln e.V.<br \/>Eisenstra\u00dfe 33<br \/>50825 K\u00f6ln<\/p>\n<p>\t\t\tE-Mail\t\t<\/p>\n<p>info@futsalpanthers.koeln<\/p>\n<p>\t\t\tFolge uns<br \/>\n\t\t\t\t\t<a href=\"https:\/\/www.facebook.com\/FutsalPanthersKolneV\" target=\"_blank\" rel=\"noopener\"><br \/>\n\t\t\t\t\t\tFacebook-f<br \/>\n\t\t\t\t\t\t\t\t\t\t\t<\/a><br \/>\n\t\t\t\t\t<a href=\"https:\/\/www.instagram.com\/futsalpantherskoeln\/\" target=\"_blank\" rel=\"noopener\"><br \/>\n\t\t\t\t\t\tInstagram<br \/>\n\t\t\t\t\t\t\t\t\t\t\t<\/a><\/p>\n","protected":false},"excerpt":{"rendered":"<p>Kontakt Du hast eine Frage, eine Anregung oder ein anderes Anliegen. Dann z\u00f6gere nicht, uns eine Nachricht zu schreiben Anschrift Futsal Panthers K\u00f6ln e.V.Eisenstra\u00dfe 3350825 K\u00f6ln E-Mail info@futsalpanthers.koeln Folge uns Facebook-f Instagram<\/p>\n","protected":false},"author":1,"featured_media":0,"parent":0,"menu_order":0,"comment_status":"closed","ping_status":"closed","template":"page-templates\/template-pagebuilder-full-width.php","meta":{"_eb_attr":"","neve_meta_sidebar":"full-width","neve_meta_container":"","neve_meta_enable_content_width":"on","neve_meta_content_width":100,"neve_meta_title_alignment":"","neve_meta_author_avatar":"","neve_post_elements_order":"","neve_meta_disable_header":"","neve_meta_disable_footer":"","neve_meta_disable_title":"on","footnotes":""},"class_list":["post-215","page","type-page","status-publish","hentry"],"_links":{"self":[{"href":"https:\/\/futsalpanthers.koeln\/index.php?rest_route=\/wp\/v2\/pages\/215","targetHints":{"allow":["GET"]}}],"collection":[{"href":"https:\/\/futsalpanthers.koeln\/index.php?rest_route=\/wp\/v2\/pages"}],"about":[{"href":"https:\/\/futsalpanthers.koeln\/index.php?rest_route=\/wp\/v2\/types\/page"}],"author":[{"embeddable":true,"href":"https:\/\/futsalpanthers.koeln\/index.php?rest_route=\/wp\/v2\/users\/1"}],"replies":[{"embeddable":true,"href":"https:\/\/futsalpanthers.koeln\/index.php?rest_route=%2Fwp%2Fv2%2Fcomments&post=215"}],"version-history":[{"count":53,"href":"https:\/\/futsalpanthers.koeln\/index.php?rest_route=\/wp\/v2\/pages\/215\/revisions"}],"predecessor-version":[{"id":2856,"href":"https:\/\/futsalpanthers.koeln\/index.php?rest_route=\/wp\/v2\/pages\/215\/revisions\/2856"}],"wp:attachment":[{"href":"https:\/\/futsalpanthers.koeln\/index.php?rest_route=%2Fwp%2Fv2%2Fmedia&parent=215"}],"curies":[{"name":"wp","href":"https:\/\/api.w.org\/{rel}","templated":true}]}}