{"id":2052,"date":"2022-04-14T07:38:35","date_gmt":"2022-04-14T07:38:35","guid":{"rendered":"https:\/\/futsalpanthers.koeln\/?page_id=2052"},"modified":"2025-08-02T23:34:20","modified_gmt":"2025-08-02T22:34:20","slug":"tickets-relegation-zur-futsal-bundesliga","status":"publish","type":"page","link":"https:\/\/futsalpanthers.koeln\/?page_id=2052","title":{"rendered":"Tickets"},"content":{"rendered":"\t\t<div data-elementor-type=\"wp-page\" data-elementor-id=\"2052\" class=\"elementor elementor-2052\">\n\t\t\t\t\t\t<section class=\"elementor-section elementor-top-section elementor-element elementor-element-7774da3 elementor-section-boxed elementor-section-height-default elementor-section-height-default\" data-id=\"7774da3\" data-element_type=\"section\">\n\t\t\t\t\t\t<div class=\"elementor-container elementor-column-gap-default\">\n\t\t\t\t\t<div class=\"elementor-column elementor-col-100 elementor-top-column elementor-element elementor-element-85078ee\" data-id=\"85078ee\" data-element_type=\"column\">\n\t\t\t<div class=\"elementor-widget-wrap elementor-element-populated\">\n\t\t\t\t\t\t<div class=\"elementor-element elementor-element-e8c078c elementor-widget elementor-widget-heading\" data-id=\"e8c078c\" data-element_type=\"widget\" data-widget_type=\"heading.default\">\n\t\t\t\t<div class=\"elementor-widget-container\">\n\t\t\t\t\t<h2 class=\"elementor-heading-title elementor-size-default\"><b>Futsal live in K\u00f6ln erleben<\/b><\/h2>\t\t\t\t<\/div>\n\t\t\t\t<\/div>\n\t\t\t\t<section class=\"elementor-section elementor-inner-section elementor-element elementor-element-606c41f elementor-section-boxed elementor-section-height-default elementor-section-height-default\" data-id=\"606c41f\" data-element_type=\"section\">\n\t\t\t\t\t\t<div class=\"elementor-container elementor-column-gap-default\">\n\t\t\t\t\t<div class=\"elementor-column elementor-col-50 elementor-inner-column elementor-element elementor-element-f887c90\" data-id=\"f887c90\" data-element_type=\"column\">\n\t\t\t<div class=\"elementor-widget-wrap elementor-element-populated\">\n\t\t\t\t\t\t<div class=\"elementor-element elementor-element-0b78160 elementor-widget elementor-widget-text-editor\" data-id=\"0b78160\" data-element_type=\"widget\" data-widget_type=\"text-editor.default\">\n\t\t\t\t<div class=\"elementor-widget-container\">\n\t\t\t\t\t\t\t\t\t<p><span style=\"color: #000000;\">Futsal lebt von seinen Fans &#8211; und die bekommen bei uns echt was geboten! In den engen Sporthallen sind unsere Spieler*innen zum Greifen nahe. Jedes Wort schallt durch die Halle, jede Bewegung passiert direkt vor deinen Augen und jede Anfeuerung und Reaktion kommt direkt bei unseren Teams an &#8211; und bei dir auf der Trib\u00fcne.<\/span><\/p><p><span style=\"color: #000000;\">Wir wollen so vielen Menschen wie m\u00f6glich ein erstklassiges Futsalerlebnis bieten. In unserer Heimspielst\u00e4tte &#8222;Wasseramseldome&#8220; erwartet dich hochklassiger Hallenfussball in perfekter Stra\u00dfenfussball-Beton-Optik. Glaubst du nicht? Komm vorbei und \u00fcberzeuge dich!\u00a0<\/span><\/p>\t\t\t\t\t\t\t\t<\/div>\n\t\t\t\t<\/div>\n\t\t\t\t<div class=\"elementor-element elementor-element-bbfc4d2 elementor-align-right elementor-widget elementor-widget-button\" data-id=\"bbfc4d2\" data-element_type=\"widget\" data-widget_type=\"button.default\">\n\t\t\t\t<div class=\"elementor-widget-container\">\n\t\t\t\t\t\t\t\t\t<div class=\"elementor-button-wrapper\">\n\t\t\t\t\t<a class=\"elementor-button elementor-button-link elementor-size-sm elementor-animation-pulse-grow\" href=\"https:\/\/futsalpantherskoeln.ticket.io\/\" target=\"_blank\">\n\t\t\t\t\t\t<span class=\"elementor-button-content-wrapper\">\n\t\t\t\t\t\t\t\t\t<span class=\"elementor-button-text\">Jetzt Tickets sichern!<\/span>\n\t\t\t\t\t<\/span>\n\t\t\t\t\t<\/a>\n\t\t\t\t<\/div>\n\t\t\t\t\t\t\t\t<\/div>\n\t\t\t\t<\/div>\n\t\t\t\t\t<\/div>\n\t\t<\/div>\n\t\t\t\t<div class=\"elementor-column elementor-col-50 elementor-inner-column elementor-element elementor-element-cd9cc1b\" data-id=\"cd9cc1b\" data-element_type=\"column\">\n\t\t\t<div class=\"elementor-widget-wrap elementor-element-populated\">\n\t\t\t\t\t\t<div class=\"elementor-element elementor-element-3136234 elementor-widget elementor-widget-image\" data-id=\"3136234\" data-element_type=\"widget\" data-widget_type=\"image.default\">\n\t\t\t\t<div class=\"elementor-widget-container\">\n\t\t\t\t\t\t\t\t\t\t\t\t\t\t\t<img fetchpriority=\"high\" decoding=\"async\" width=\"768\" height=\"432\" src=\"https:\/\/futsalpanthers.koeln\/wp-content\/uploads\/2025\/08\/FPK-2025-1-768x432.png\" class=\"attachment-medium_large size-medium_large wp-image-2994\" alt=\"\" srcset=\"https:\/\/futsalpanthers.koeln\/wp-content\/uploads\/2025\/08\/FPK-2025-1-768x432.png 768w, https:\/\/futsalpanthers.koeln\/wp-content\/uploads\/2025\/08\/FPK-2025-1-300x169.png 300w, https:\/\/futsalpanthers.koeln\/wp-content\/uploads\/2025\/08\/FPK-2025-1-1024x576.png 1024w, https:\/\/futsalpanthers.koeln\/wp-content\/uploads\/2025\/08\/FPK-2025-1-1536x864.png 1536w, https:\/\/futsalpanthers.koeln\/wp-content\/uploads\/2025\/08\/FPK-2025-1.png 1920w\" sizes=\"(max-width: 768px) 100vw, 768px\" \/>\t\t\t\t\t\t\t\t\t\t\t\t\t\t\t<\/div>\n\t\t\t\t<\/div>\n\t\t\t\t\t<\/div>\n\t\t<\/div>\n\t\t\t\t\t<\/div>\n\t\t<\/section>\n\t\t\t\t\t<\/div>\n\t\t<\/div>\n\t\t\t\t\t<\/div>\n\t\t<\/section>\n\t\t\t\t<section class=\"elementor-section elementor-top-section elementor-element elementor-element-1085cfb elementor-section-boxed elementor-section-height-default elementor-section-height-default\" data-id=\"1085cfb\" data-element_type=\"section\">\n\t\t\t\t\t\t<div class=\"elementor-container elementor-column-gap-default\">\n\t\t\t\t\t<div class=\"elementor-column elementor-col-50 elementor-top-column elementor-element elementor-element-caa2875\" data-id=\"caa2875\" data-element_type=\"column\">\n\t\t\t<div class=\"elementor-widget-wrap elementor-element-populated\">\n\t\t\t\t\t\t<div class=\"elementor-element elementor-element-6fdaee1 elementor-widget elementor-widget-image\" data-id=\"6fdaee1\" data-element_type=\"widget\" data-widget_type=\"image.default\">\n\t\t\t\t<div class=\"elementor-widget-container\">\n\t\t\t\t\t\t\t\t\t\t\t\t\t\t\t<img decoding=\"async\" width=\"768\" height=\"512\" src=\"https:\/\/futsalpanthers.koeln\/wp-content\/uploads\/2025\/08\/fpk_202534-768x512.jpg\" class=\"attachment-medium_large size-medium_large wp-image-2992\" alt=\"\" srcset=\"https:\/\/futsalpanthers.koeln\/wp-content\/uploads\/2025\/08\/fpk_202534-768x512.jpg 768w, https:\/\/futsalpanthers.koeln\/wp-content\/uploads\/2025\/08\/fpk_202534-300x200.jpg 300w, https:\/\/futsalpanthers.koeln\/wp-content\/uploads\/2025\/08\/fpk_202534-1024x683.jpg 1024w, https:\/\/futsalpanthers.koeln\/wp-content\/uploads\/2025\/08\/fpk_202534-1536x1024.jpg 1536w, https:\/\/futsalpanthers.koeln\/wp-content\/uploads\/2025\/08\/fpk_202534-930x620.jpg 930w, https:\/\/futsalpanthers.koeln\/wp-content\/uploads\/2025\/08\/fpk_202534.jpg 2048w\" sizes=\"(max-width: 768px) 100vw, 768px\" \/>\t\t\t\t\t\t\t\t\t\t\t\t\t\t\t<\/div>\n\t\t\t\t<\/div>\n\t\t\t\t\t<\/div>\n\t\t<\/div>\n\t\t\t\t<div class=\"elementor-column elementor-col-50 elementor-top-column elementor-element elementor-element-48beb11\" data-id=\"48beb11\" data-element_type=\"column\">\n\t\t\t<div class=\"elementor-widget-wrap elementor-element-populated\">\n\t\t\t\t\t\t<div class=\"elementor-element elementor-element-7cb7a0d elementor-widget elementor-widget-text-editor\" data-id=\"7cb7a0d\" data-element_type=\"widget\" data-widget_type=\"text-editor.default\">\n\t\t\t\t<div class=\"elementor-widget-container\">\n\t\t\t\t\t\t\t\t\t<p><span style=\"color: #000000;\">Sichere dir jetzt fr\u00fchzeitig dein Online-Ticket oder eine digitale Dauerkarte f\u00fcr alle DFB Futsal-Bundesliga-Heimspiele oder ALLE Spiele unseres Vereins. Profitiere dabei von zus\u00e4tzlichen Rabatten oder Gruppentickets!<\/span><\/p><p><span style=\"color: #000000;\">Du willst lieber spontan vorbeischauen? Kein Problem, wir haben bei jedem Spiel eine Tageskasse. Komm also gerne auch einfach spontan vorbei. Wir freuen uns auf deinen Besuch!\u00a0<\/span><\/p><p>\u00a0<\/p>\t\t\t\t\t\t\t\t<\/div>\n\t\t\t\t<\/div>\n\t\t\t\t<div class=\"elementor-element elementor-element-35ce5d5 elementor-align-right elementor-widget elementor-widget-button\" data-id=\"35ce5d5\" data-element_type=\"widget\" data-widget_type=\"button.default\">\n\t\t\t\t<div class=\"elementor-widget-container\">\n\t\t\t\t\t\t\t\t\t<div class=\"elementor-button-wrapper\">\n\t\t\t\t\t<a class=\"elementor-button elementor-button-link elementor-size-sm elementor-animation-pulse-grow\" href=\"https:\/\/futsalpantherskoeln.ticket.io\/\" target=\"_blank\">\n\t\t\t\t\t\t<span class=\"elementor-button-content-wrapper\">\n\t\t\t\t\t\t\t\t\t<span class=\"elementor-button-text\">Jetzt Tickets sichern!<\/span>\n\t\t\t\t\t<\/span>\n\t\t\t\t\t<\/a>\n\t\t\t\t<\/div>\n\t\t\t\t\t\t\t\t<\/div>\n\t\t\t\t<\/div>\n\t\t\t\t\t<\/div>\n\t\t<\/div>\n\t\t\t\t\t<\/div>\n\t\t<\/section>\n\t\t\t\t<section class=\"elementor-section elementor-top-section elementor-element elementor-element-09232ae elementor-section-boxed elementor-section-height-default elementor-section-height-default\" data-id=\"09232ae\" data-element_type=\"section\">\n\t\t\t\t\t\t<div class=\"elementor-container elementor-column-gap-default\">\n\t\t\t\t\t<div class=\"elementor-column elementor-col-100 elementor-top-column elementor-element elementor-element-a2071d5\" data-id=\"a2071d5\" data-element_type=\"column\">\n\t\t\t<div class=\"elementor-widget-wrap elementor-element-populated\">\n\t\t\t\t\t\t<div class=\"elementor-element elementor-element-b4d7e3d elementor-widget elementor-widget-image\" data-id=\"b4d7e3d\" data-element_type=\"widget\" data-widget_type=\"image.default\">\n\t\t\t\t<div class=\"elementor-widget-container\">\n\t\t\t\t\t\t\t\t\t\t\t\t\t\t\t<img decoding=\"async\" width=\"150\" height=\"150\" src=\"https:\/\/futsalpanthers.koeln\/wp-content\/uploads\/2025\/08\/TIO__Logo_LascheClaim_Violett_20240827090551_256-150x150.png\" class=\"attachment-thumbnail size-thumbnail wp-image-3001\" alt=\"\" srcset=\"https:\/\/futsalpanthers.koeln\/wp-content\/uploads\/2025\/08\/TIO__Logo_LascheClaim_Violett_20240827090551_256-150x150.png 150w, https:\/\/futsalpanthers.koeln\/wp-content\/uploads\/2025\/08\/TIO__Logo_LascheClaim_Violett_20240827090551_256.png 256w\" sizes=\"(max-width: 150px) 100vw, 150px\" \/>\t\t\t\t\t\t\t\t\t\t\t\t\t\t\t<\/div>\n\t\t\t\t<\/div>\n\t\t\t\t\t<\/div>\n\t\t<\/div>\n\t\t\t\t\t<\/div>\n\t\t<\/section>\n\t\t\t\t<\/div>\n\t\t","protected":false},"excerpt":{"rendered":"<p>Futsal live in K\u00f6ln erleben Futsal lebt von seinen Fans &#8211; und die bekommen bei uns echt was geboten! In den engen Sporthallen sind unsere Spieler*innen zum Greifen nahe. Jedes Wort schallt durch die Halle, jede Bewegung passiert direkt vor deinen Augen und jede Anfeuerung und Reaktion kommt direkt bei unseren Teams an &#8211; und&hellip;&nbsp;<a href=\"https:\/\/futsalpanthers.koeln\/?page_id=2052\" rel=\"bookmark\">Weiterlesen &raquo;<span class=\"screen-reader-text\">Tickets<\/span><\/a><\/p>\n","protected":false},"author":1,"featured_media":3005,"parent":0,"menu_order":0,"comment_status":"closed","ping_status":"closed","template":"","meta":{"_eb_attr":"","neve_meta_sidebar":"full-width","neve_meta_container":"","neve_meta_enable_content_width":"on","neve_meta_content_width":100,"neve_meta_title_alignment":"","neve_meta_author_avatar":"","neve_post_elements_order":"","neve_meta_disable_header":"","neve_meta_disable_footer":"","neve_meta_disable_title":"on","footnotes":""},"class_list":["post-2052","page","type-page","status-publish","has-post-thumbnail","hentry"],"_links":{"self":[{"href":"https:\/\/futsalpanthers.koeln\/index.php?rest_route=\/wp\/v2\/pages\/2052","targetHints":{"allow":["GET"]}}],"collection":[{"href":"https:\/\/futsalpanthers.koeln\/index.php?rest_route=\/wp\/v2\/pages"}],"about":[{"href":"https:\/\/futsalpanthers.koeln\/index.php?rest_route=\/wp\/v2\/types\/page"}],"author":[{"embeddable":true,"href":"https:\/\/futsalpanthers.koeln\/index.php?rest_route=\/wp\/v2\/users\/1"}],"replies":[{"embeddable":true,"href":"https:\/\/futsalpanthers.koeln\/index.php?rest_route=%2Fwp%2Fv2%2Fcomments&post=2052"}],"version-history":[{"count":59,"href":"https:\/\/futsalpanthers.koeln\/index.php?rest_route=\/wp\/v2\/pages\/2052\/revisions"}],"predecessor-version":[{"id":3044,"href":"https:\/\/futsalpanthers.koeln\/index.php?rest_route=\/wp\/v2\/pages\/2052\/revisions\/3044"}],"wp:featuredmedia":[{"embeddable":true,"href":"https:\/\/futsalpanthers.koeln\/index.php?rest_route=\/wp\/v2\/media\/3005"}],"wp:attachment":[{"href":"https:\/\/futsalpanthers.koeln\/index.php?rest_route=%2Fwp%2Fv2%2Fmedia&parent=2052"}],"curies":[{"name":"wp","href":"https:\/\/api.w.org\/{rel}","templated":true}]}}